{"id":86,"date":"2014-05-12T06:22:30","date_gmt":"2014-05-12T06:22:30","guid":{"rendered":"http:\/\/griffincap.dev.expandtheroom.net\/home-2\/"},"modified":"2020-04-16T11:28:22","modified_gmt":"2020-04-16T11:28:22","slug":"home","status":"publish","type":"page","link":"https:\/\/www.griffincap.com\/es\/","title":{"rendered":"Home"},"content":{"rendered":"<h2 class=\"bordered\"><span>Que podemos hacer por usted<\/span><\/h2>\n<p>Brindamos asesoramiento estrat\u00e9gico a nuestros clientes y organizamos ubicaciones privadas para sus proyectos y negocios con instituciones l\u00edderes en todo el mundo.<\/p>\n<p>Somos activos en todo el mundo con especial experiencia en inversiones directas en grandes mercados emergentes en <a href=\"https:\/\/www.griffincap.com\/wp-content\/uploads\/2020\/01\/CSIS-140327_eurasia-1.mp4\">Eurasia<\/a> y Am\u00e9rica Latina, incluida la Federaci\u00f3n de Rusia, India, China y M\u00e9xico. De forma selectiva, los socios patrocinan y participan en empresas que incluyen la generaci\u00f3n de energ\u00eda solar en Alemania y adquisiciones de tecnolog\u00eda de teledetecci\u00f3n en todo el mundo.<\/p>\n<p><img loading=\"lazy\" decoding=\"async\" src=\"https:\/\/www.griffincap.com\/wp-content\/uploads\/2020\/04\/griffin_collage.jpg\" alt=\"\" width=\"920\" height=\"250\" class=\"alignnone size-full wp-image-610\" srcset=\"https:\/\/www.griffincap.com\/wp-content\/uploads\/2020\/04\/griffin_collage.jpg 920w, https:\/\/www.griffincap.com\/wp-content\/uploads\/2020\/04\/griffin_collage-300x82.jpg 300w, https:\/\/www.griffincap.com\/wp-content\/uploads\/2020\/04\/griffin_collage-768x209.jpg 768w\" sizes=\"auto, (max-width: 920px) 100vw, 920px\" \/><\/p>\n","protected":false},"excerpt":{"rendered":"<p>Que podemos hacer por usted Brindamos asesoramiento estrat\u00e9gico a nuestros clientes y organizamos ubicaciones privadas para sus proyectos y negocios con instituciones l\u00edderes en todo el mundo. Somos activos en todo el mundo con especial experiencia en inversiones directas en grandes mercados emergentes en Eurasia y Am\u00e9rica Latina, incluida la Federaci\u00f3n de Rusia, India, China [&hellip;]<\/p>\n","protected":false},"author":2,"featured_media":0,"parent":0,"menu_order":0,"comment_status":"open","ping_status":"open","template":"page-home.php","meta":{"_acf_changed":false,"ngg_post_thumbnail":0,"footnotes":""},"class_list":["post-86","page","type-page","status-publish","hentry"],"acf":[],"yoast_head":"<!-- This site is optimized with the Yoast SEO plugin v20.1 - https:\/\/yoast.com\/wordpress\/plugins\/seo\/ -->\n<title>Home - Griffin Capital<\/title>\n<meta name=\"robots\" content=\"index, follow, max-snippet:-1, max-image-preview:large, max-video-preview:-1\" \/>\n<link rel=\"canonical\" href=\"https:\/\/www.griffincap.com\/es\/\" \/>\n<meta property=\"og:locale\" content=\"es_ES\" \/>\n<meta property=\"og:type\" content=\"article\" \/>\n<meta property=\"og:title\" content=\"Home - Griffin Capital\" \/>\n<meta property=\"og:description\" content=\"Que podemos hacer por usted Brindamos asesoramiento estrat\u00e9gico a nuestros clientes y organizamos ubicaciones privadas para sus proyectos y negocios con instituciones l\u00edderes en todo el mundo. Somos activos en todo el mundo con especial experiencia en inversiones directas en grandes mercados emergentes en Eurasia y Am\u00e9rica Latina, incluida la Federaci\u00f3n de Rusia, India, China [&hellip;]\" \/>\n<meta property=\"og:url\" content=\"https:\/\/www.griffincap.com\/es\/\" \/>\n<meta property=\"og:site_name\" content=\"Griffin Capital\" \/>\n<meta property=\"article:modified_time\" content=\"2020-04-16T11:28:22+00:00\" \/>\n<meta property=\"og:image\" content=\"https:\/\/www.griffincap.com\/wp-content\/uploads\/2020\/04\/griffin_collage.jpg\" \/>\n<meta name=\"twitter:card\" content=\"summary_large_image\" \/>\n<script type=\"application\/ld+json\" class=\"yoast-schema-graph\">{\"@context\":\"https:\/\/schema.org\",\"@graph\":[{\"@type\":\"WebPage\",\"@id\":\"https:\/\/www.griffincap.com\/es\/\",\"url\":\"https:\/\/www.griffincap.com\/es\/\",\"name\":\"Home - Griffin Capital\",\"isPartOf\":{\"@id\":\"https:\/\/www.griffincap.com\/es\/#website\"},\"datePublished\":\"2014-05-12T06:22:30+00:00\",\"dateModified\":\"2020-04-16T11:28:22+00:00\",\"breadcrumb\":{\"@id\":\"https:\/\/www.griffincap.com\/es\/#breadcrumb\"},\"inLanguage\":\"es\",\"potentialAction\":[{\"@type\":\"ReadAction\",\"target\":[\"https:\/\/www.griffincap.com\/es\/\"]}]},{\"@type\":\"BreadcrumbList\",\"@id\":\"https:\/\/www.griffincap.com\/es\/#breadcrumb\",\"itemListElement\":[{\"@type\":\"ListItem\",\"position\":1,\"name\":\"Home\",\"item\":\"https:\/\/www.griffincap.com\/es\/\"},{\"@type\":\"ListItem\",\"position\":2,\"name\":\"Home\"}]},{\"@type\":\"WebSite\",\"@id\":\"https:\/\/www.griffincap.com\/es\/#website\",\"url\":\"https:\/\/www.griffincap.com\/es\/\",\"name\":\"Griffin Capital\",\"description\":\"Emerging Market Project Finance\",\"potentialAction\":[{\"@type\":\"SearchAction\",\"target\":{\"@type\":\"EntryPoint\",\"urlTemplate\":\"https:\/\/www.griffincap.com\/es\/?s={search_term_string}\"},\"query-input\":\"required name=search_term_string\"}],\"inLanguage\":\"es\"}]}<\/script>\n<!-- \/ Yoast SEO plugin. -->","yoast_head_json":{"title":"Home - Griffin Capital","robots":{"index":"index","follow":"follow","max-snippet":"max-snippet:-1","max-image-preview":"max-image-preview:large","max-video-preview":"max-video-preview:-1"},"canonical":"https:\/\/www.griffincap.com\/es\/","og_locale":"es_ES","og_type":"article","og_title":"Home - Griffin Capital","og_description":"Que podemos hacer por usted Brindamos asesoramiento estrat\u00e9gico a nuestros clientes y organizamos ubicaciones privadas para sus proyectos y negocios con instituciones l\u00edderes en todo el mundo. Somos activos en todo el mundo con especial experiencia en inversiones directas en grandes mercados emergentes en Eurasia y Am\u00e9rica Latina, incluida la Federaci\u00f3n de Rusia, India, China [&hellip;]","og_url":"https:\/\/www.griffincap.com\/es\/","og_site_name":"Griffin Capital","article_modified_time":"2020-04-16T11:28:22+00:00","og_image":[{"url":"https:\/\/www.griffincap.com\/wp-content\/uploads\/2020\/04\/griffin_collage.jpg"}],"twitter_card":"summary_large_image","schema":{"@context":"https:\/\/schema.org","@graph":[{"@type":"WebPage","@id":"https:\/\/www.griffincap.com\/es\/","url":"https:\/\/www.griffincap.com\/es\/","name":"Home - Griffin Capital","isPartOf":{"@id":"https:\/\/www.griffincap.com\/es\/#website"},"datePublished":"2014-05-12T06:22:30+00:00","dateModified":"2020-04-16T11:28:22+00:00","breadcrumb":{"@id":"https:\/\/www.griffincap.com\/es\/#breadcrumb"},"inLanguage":"es","potentialAction":[{"@type":"ReadAction","target":["https:\/\/www.griffincap.com\/es\/"]}]},{"@type":"BreadcrumbList","@id":"https:\/\/www.griffincap.com\/es\/#breadcrumb","itemListElement":[{"@type":"ListItem","position":1,"name":"Home","item":"https:\/\/www.griffincap.com\/es\/"},{"@type":"ListItem","position":2,"name":"Home"}]},{"@type":"WebSite","@id":"https:\/\/www.griffincap.com\/es\/#website","url":"https:\/\/www.griffincap.com\/es\/","name":"Griffin Capital","description":"Emerging Market Project Finance","potentialAction":[{"@type":"SearchAction","target":{"@type":"EntryPoint","urlTemplate":"https:\/\/www.griffincap.com\/es\/?s={search_term_string}"},"query-input":"required name=search_term_string"}],"inLanguage":"es"}]}},"_links":{"self":[{"href":"https:\/\/www.griffincap.com\/es\/wp-json\/wp\/v2\/pages\/86","targetHints":{"allow":["GET"]}}],"collection":[{"href":"https:\/\/www.griffincap.com\/es\/wp-json\/wp\/v2\/pages"}],"about":[{"href":"https:\/\/www.griffincap.com\/es\/wp-json\/wp\/v2\/types\/page"}],"author":[{"embeddable":true,"href":"https:\/\/www.griffincap.com\/es\/wp-json\/wp\/v2\/users\/2"}],"replies":[{"embeddable":true,"href":"https:\/\/www.griffincap.com\/es\/wp-json\/wp\/v2\/comments?post=86"}],"version-history":[{"count":1,"href":"https:\/\/www.griffincap.com\/es\/wp-json\/wp\/v2\/pages\/86\/revisions"}],"predecessor-version":[{"id":273,"href":"https:\/\/www.griffincap.com\/es\/wp-json\/wp\/v2\/pages\/86\/revisions\/273"}],"wp:attachment":[{"href":"https:\/\/www.griffincap.com\/es\/wp-json\/wp\/v2\/media?parent=86"}],"curies":[{"name":"wp","href":"https:\/\/api.w.org\/{rel}","templated":true}]}}