{"id":95,"date":"2015-08-24T21:31:52","date_gmt":"2015-08-24T21:31:52","guid":{"rendered":"http:\/\/griffincap.dev.expandtheroom.net\/?page_id=95"},"modified":"2020-02-22T22:33:56","modified_gmt":"2020-02-22T22:33:56","slug":"acerca-de-nosotros","status":"publish","type":"page","link":"https:\/\/www.griffincap.com\/es\/acerca-de-nosotros\/","title":{"rendered":"Acerca de nosotros"},"content":{"rendered":"<p>&nbsp;<\/p>\n<figure id=\"attachment_356\" aria-describedby=\"caption-attachment-356\" style=\"width: 920px\" class=\"wp-caption alignnone\"><img loading=\"lazy\" decoding=\"async\" width=\"920\" height=\"502\" class=\"size-full wp-image-356\" alt=\"Silk Road\" src=\"https:\/\/www.griffincap.com\/wp-content\/uploads\/2014\/05\/Caravan-Bernbaum-920x502-1.jpg\" srcset=\"https:\/\/www.griffincap.com\/wp-content\/uploads\/2014\/05\/Caravan-Bernbaum-920x502-1.jpg 920w, https:\/\/www.griffincap.com\/wp-content\/uploads\/2014\/05\/Caravan-Bernbaum-920x502-1-300x164.jpg 300w, https:\/\/www.griffincap.com\/wp-content\/uploads\/2014\/05\/Caravan-Bernbaum-920x502-1-768x419.jpg 768w\" sizes=\"auto, (max-width: 920px) 100vw, 920px\" \/><figcaption id=\"caption-attachment-356\" class=\"wp-caption-text\">Silk Road Caravan<\/figcaption><\/figure>\n<p>&nbsp;<\/p>\n<p><span class=\"s2\">Griffin Capital Partners es un asesor especializado en la financiaci\u00f3n de proyectos con 25 a\u00f1os de experiencia asesorando a empresas que operan en Am\u00e9rica, Europa, Eurasia, Rusia, Kazajist\u00e1n y la antigua Uni\u00f3n Sovi\u00e9tica.<\/span><\/p>\n<p><span class=\"s2\">Ofrecemos asesoramiento estrat\u00e9gico a nuestros clientes y desarrollamos y ayudamos en la aplicaci\u00f3n de estrategias de capitalizaci\u00f3n para sus proyectos y negocios.<\/span><\/p>\n<p><span class=\"s2\">Servimos a los consejos de administraci\u00f3n y los altos directivos de las compa\u00f1\u00edas que operan en los sectores de energ\u00eda y recursos, inmobiliario, comunicaciones y tecnolog\u00eda de la informaci\u00f3n, log\u00edstica y distribuci\u00f3n, e instalaciones estrat\u00e9gicas. <\/span><\/p>\n<p><span class=\"s2\">Estamos activos en todo el mundo, con capacidad especializada en inversiones directas en los grandes mercados emergentes como Rusia, Kazajist\u00e1n, India, China y Am\u00e9rica Latina. Sobre una base selectiva, patrocinamos y participamos en las sociedades, como por ejemplo un proyecto de generaci\u00f3n de energ\u00eda solar en Alemania o adquisiciones de tecnolog\u00eda de detecci\u00f3n a distancia en todo el mundo.<\/span><\/p>\n<p><span class=\"s2\">Nuestro equipo, que incluye profesionales con experiencia en empresas como Bankers Trust Company, AT&amp;T Capital, Fieldstone Private Capital, Citibank y McKinsey &amp; Co., ha prestado servicios de asesoramiento de financiaci\u00f3n en todo el mundo por un importe superior a 25.000 millones de d\u00f3lares. <\/span><\/p>\n<p><span class=\"s2\"><i>Privatisation International<\/i> nos situ\u00f3 por primera vez entre los principales 20 asesores de financiaci\u00f3n de proyecto en el mundo en 1996. <\/span><\/p>\n","protected":false},"excerpt":{"rendered":"<p>&nbsp; &nbsp; Griffin Capital Partners es un asesor especializado en la financiaci\u00f3n de proyectos con 25 a\u00f1os de experiencia asesorando a empresas que operan en Am\u00e9rica, Europa, Eurasia, Rusia, Kazajist\u00e1n y la antigua Uni\u00f3n Sovi\u00e9tica. Ofrecemos asesoramiento estrat\u00e9gico a nuestros clientes y desarrollamos y ayudamos en la aplicaci\u00f3n de estrategias de capitalizaci\u00f3n para sus proyectos [&hellip;]<\/p>\n","protected":false},"author":2,"featured_media":0,"parent":0,"menu_order":0,"comment_status":"open","ping_status":"open","template":"page-about.php","meta":{"_acf_changed":false,"ngg_post_thumbnail":0,"footnotes":""},"class_list":["post-95","page","type-page","status-publish","hentry"],"acf":[],"yoast_head":"<!-- This site is optimized with the Yoast SEO plugin v20.1 - https:\/\/yoast.com\/wordpress\/plugins\/seo\/ -->\n<title>Acerca de nosotros - Griffin Capital<\/title>\n<meta name=\"robots\" content=\"index, follow, max-snippet:-1, max-image-preview:large, max-video-preview:-1\" \/>\n<link rel=\"canonical\" href=\"https:\/\/www.griffincap.com\/es\/acerca-de-nosotros\/\" \/>\n<meta property=\"og:locale\" content=\"es_ES\" \/>\n<meta property=\"og:type\" content=\"article\" \/>\n<meta property=\"og:title\" content=\"Acerca de nosotros - Griffin Capital\" \/>\n<meta property=\"og:description\" content=\"&nbsp; &nbsp; Griffin Capital Partners es un asesor especializado en la financiaci\u00f3n de proyectos con 25 a\u00f1os de experiencia asesorando a empresas que operan en Am\u00e9rica, Europa, Eurasia, Rusia, Kazajist\u00e1n y la antigua Uni\u00f3n Sovi\u00e9tica. Ofrecemos asesoramiento estrat\u00e9gico a nuestros clientes y desarrollamos y ayudamos en la aplicaci\u00f3n de estrategias de capitalizaci\u00f3n para sus proyectos [&hellip;]\" \/>\n<meta property=\"og:url\" content=\"https:\/\/www.griffincap.com\/es\/acerca-de-nosotros\/\" \/>\n<meta property=\"og:site_name\" content=\"Griffin Capital\" \/>\n<meta property=\"article:modified_time\" content=\"2020-02-22T22:33:56+00:00\" \/>\n<meta property=\"og:image\" content=\"https:\/\/www.griffincap.com\/wp-content\/uploads\/2014\/05\/Caravan-Bernbaum-920x502-1.jpg\" \/>\n<meta name=\"twitter:card\" content=\"summary_large_image\" \/>\n<meta name=\"twitter:label1\" content=\"Tiempo de lectura\" \/>\n\t<meta name=\"twitter:data1\" content=\"1 minuto\" \/>\n<script type=\"application\/ld+json\" class=\"yoast-schema-graph\">{\"@context\":\"https:\/\/schema.org\",\"@graph\":[{\"@type\":\"WebPage\",\"@id\":\"https:\/\/www.griffincap.com\/es\/acerca-de-nosotros\/\",\"url\":\"https:\/\/www.griffincap.com\/es\/acerca-de-nosotros\/\",\"name\":\"Acerca de nosotros - Griffin Capital\",\"isPartOf\":{\"@id\":\"https:\/\/www.griffincap.com\/es\/#website\"},\"datePublished\":\"2015-08-24T21:31:52+00:00\",\"dateModified\":\"2020-02-22T22:33:56+00:00\",\"breadcrumb\":{\"@id\":\"https:\/\/www.griffincap.com\/es\/acerca-de-nosotros\/#breadcrumb\"},\"inLanguage\":\"es\",\"potentialAction\":[{\"@type\":\"ReadAction\",\"target\":[\"https:\/\/www.griffincap.com\/es\/acerca-de-nosotros\/\"]}]},{\"@type\":\"BreadcrumbList\",\"@id\":\"https:\/\/www.griffincap.com\/es\/acerca-de-nosotros\/#breadcrumb\",\"itemListElement\":[{\"@type\":\"ListItem\",\"position\":1,\"name\":\"Home\",\"item\":\"https:\/\/www.griffincap.com\/es\/\"},{\"@type\":\"ListItem\",\"position\":2,\"name\":\"Acerca de nosotros\"}]},{\"@type\":\"WebSite\",\"@id\":\"https:\/\/www.griffincap.com\/es\/#website\",\"url\":\"https:\/\/www.griffincap.com\/es\/\",\"name\":\"Griffin Capital\",\"description\":\"Emerging Market Project Finance\",\"potentialAction\":[{\"@type\":\"SearchAction\",\"target\":{\"@type\":\"EntryPoint\",\"urlTemplate\":\"https:\/\/www.griffincap.com\/es\/?s={search_term_string}\"},\"query-input\":\"required name=search_term_string\"}],\"inLanguage\":\"es\"}]}<\/script>\n<!-- \/ Yoast SEO plugin. -->","yoast_head_json":{"title":"Acerca de nosotros - Griffin Capital","robots":{"index":"index","follow":"follow","max-snippet":"max-snippet:-1","max-image-preview":"max-image-preview:large","max-video-preview":"max-video-preview:-1"},"canonical":"https:\/\/www.griffincap.com\/es\/acerca-de-nosotros\/","og_locale":"es_ES","og_type":"article","og_title":"Acerca de nosotros - Griffin Capital","og_description":"&nbsp; &nbsp; Griffin Capital Partners es un asesor especializado en la financiaci\u00f3n de proyectos con 25 a\u00f1os de experiencia asesorando a empresas que operan en Am\u00e9rica, Europa, Eurasia, Rusia, Kazajist\u00e1n y la antigua Uni\u00f3n Sovi\u00e9tica. Ofrecemos asesoramiento estrat\u00e9gico a nuestros clientes y desarrollamos y ayudamos en la aplicaci\u00f3n de estrategias de capitalizaci\u00f3n para sus proyectos [&hellip;]","og_url":"https:\/\/www.griffincap.com\/es\/acerca-de-nosotros\/","og_site_name":"Griffin Capital","article_modified_time":"2020-02-22T22:33:56+00:00","og_image":[{"url":"https:\/\/www.griffincap.com\/wp-content\/uploads\/2014\/05\/Caravan-Bernbaum-920x502-1.jpg"}],"twitter_card":"summary_large_image","twitter_misc":{"Tiempo de lectura":"1 minuto"},"schema":{"@context":"https:\/\/schema.org","@graph":[{"@type":"WebPage","@id":"https:\/\/www.griffincap.com\/es\/acerca-de-nosotros\/","url":"https:\/\/www.griffincap.com\/es\/acerca-de-nosotros\/","name":"Acerca de nosotros - Griffin Capital","isPartOf":{"@id":"https:\/\/www.griffincap.com\/es\/#website"},"datePublished":"2015-08-24T21:31:52+00:00","dateModified":"2020-02-22T22:33:56+00:00","breadcrumb":{"@id":"https:\/\/www.griffincap.com\/es\/acerca-de-nosotros\/#breadcrumb"},"inLanguage":"es","potentialAction":[{"@type":"ReadAction","target":["https:\/\/www.griffincap.com\/es\/acerca-de-nosotros\/"]}]},{"@type":"BreadcrumbList","@id":"https:\/\/www.griffincap.com\/es\/acerca-de-nosotros\/#breadcrumb","itemListElement":[{"@type":"ListItem","position":1,"name":"Home","item":"https:\/\/www.griffincap.com\/es\/"},{"@type":"ListItem","position":2,"name":"Acerca de nosotros"}]},{"@type":"WebSite","@id":"https:\/\/www.griffincap.com\/es\/#website","url":"https:\/\/www.griffincap.com\/es\/","name":"Griffin Capital","description":"Emerging Market Project Finance","potentialAction":[{"@type":"SearchAction","target":{"@type":"EntryPoint","urlTemplate":"https:\/\/www.griffincap.com\/es\/?s={search_term_string}"},"query-input":"required name=search_term_string"}],"inLanguage":"es"}]}},"_links":{"self":[{"href":"https:\/\/www.griffincap.com\/es\/wp-json\/wp\/v2\/pages\/95","targetHints":{"allow":["GET"]}}],"collection":[{"href":"https:\/\/www.griffincap.com\/es\/wp-json\/wp\/v2\/pages"}],"about":[{"href":"https:\/\/www.griffincap.com\/es\/wp-json\/wp\/v2\/types\/page"}],"author":[{"embeddable":true,"href":"https:\/\/www.griffincap.com\/es\/wp-json\/wp\/v2\/users\/2"}],"replies":[{"embeddable":true,"href":"https:\/\/www.griffincap.com\/es\/wp-json\/wp\/v2\/comments?post=95"}],"version-history":[{"count":0,"href":"https:\/\/www.griffincap.com\/es\/wp-json\/wp\/v2\/pages\/95\/revisions"}],"wp:attachment":[{"href":"https:\/\/www.griffincap.com\/es\/wp-json\/wp\/v2\/media?parent=95"}],"curies":[{"name":"wp","href":"https:\/\/api.w.org\/{rel}","templated":true}]}}