{"id":97,"date":"2015-08-25T14:41:03","date_gmt":"2015-08-25T14:41:03","guid":{"rendered":"http:\/\/griffincap.dev.expandtheroom.net\/?page_id=97"},"modified":"2020-01-28T22:50:02","modified_gmt":"2020-01-28T22:50:02","slug":"servicios","status":"publish","type":"page","link":"https:\/\/www.griffincap.com\/es\/servicios\/","title":{"rendered":"Servicios"},"content":{"rendered":"<h2 class=\"bordered\"><span>Qu\u00e9 hacemos<\/span><\/h2>\n<ul>\n<li>Asistimos y asesoramos sobre finanzas -con inclusi\u00f3n de colocaci\u00f3n privada de valores y obligaciones- a inversionistas estrat\u00e9gicos e institucionales, desde las etapas iniciales hasta compa\u00f1\u00edas s\u00f3lidamente establecidas.<\/li>\n<li>Estructuramos y gestionamos finanzas apalancadas, arrendamientos de bienes de equipo y financiamiento de proyectos para empresas establecidas.<\/li>\n<li>Compramos bienes ra\u00edces y propiedades urban\u00edsticas estrat\u00e9gicas, principalmente en los Estados Unidos y el Reino Unido, incluidos Hoteles, Tiendas Minoristas, Terrenos y Propiedades Comerciales.<\/li>\n<li>Compramos negocios con flujos de tesorer\u00eda, principalmente en los Estados Unidos y en el Reino Unido.<\/li>\n<li>Desarrollamos e implementamos estrategias para clientes con el objetivo de monetizar activos no estrat\u00e9gicos y asistir en la ejecuci\u00f3n de las ventas.<\/li>\n<li>Aprobamos y seleccionamos socios estrat\u00e9gicos para acortar los ciclos de desarrollo y acelerar el tiempo para su introducci\u00f3n al mercado.<\/li>\n<li>Desarrollamos e implementamos estrategias para maximizar el valor de los derechos de propiedad intelectual.<\/li>\n<\/ul>\n","protected":false},"excerpt":{"rendered":"<p>Qu\u00e9 hacemos Asistimos y asesoramos sobre finanzas -con inclusi\u00f3n de colocaci\u00f3n privada de valores y obligaciones- a inversionistas estrat\u00e9gicos e institucionales, desde las etapas iniciales hasta compa\u00f1\u00edas s\u00f3lidamente establecidas. Estructuramos y gestionamos finanzas apalancadas, arrendamientos de bienes de equipo y financiamiento de proyectos para empresas establecidas. Compramos bienes ra\u00edces y propiedades urban\u00edsticas estrat\u00e9gicas, principalmente en [&hellip;]<\/p>\n","protected":false},"author":2,"featured_media":0,"parent":0,"menu_order":0,"comment_status":"open","ping_status":"open","template":"page-services.php","meta":{"_acf_changed":false,"ngg_post_thumbnail":0,"footnotes":""},"class_list":["post-97","page","type-page","status-publish","hentry"],"acf":[],"yoast_head":"<!-- This site is optimized with the Yoast SEO plugin v20.1 - https:\/\/yoast.com\/wordpress\/plugins\/seo\/ -->\n<title>Servicios - Griffin Capital<\/title>\n<meta name=\"robots\" content=\"index, follow, max-snippet:-1, max-image-preview:large, max-video-preview:-1\" \/>\n<link rel=\"canonical\" href=\"https:\/\/www.griffincap.com\/es\/servicios\/\" \/>\n<meta property=\"og:locale\" content=\"es_ES\" \/>\n<meta property=\"og:type\" content=\"article\" \/>\n<meta property=\"og:title\" content=\"Servicios - Griffin Capital\" \/>\n<meta property=\"og:description\" content=\"Qu\u00e9 hacemos Asistimos y asesoramos sobre finanzas -con inclusi\u00f3n de colocaci\u00f3n privada de valores y obligaciones- a inversionistas estrat\u00e9gicos e institucionales, desde las etapas iniciales hasta compa\u00f1\u00edas s\u00f3lidamente establecidas. Estructuramos y gestionamos finanzas apalancadas, arrendamientos de bienes de equipo y financiamiento de proyectos para empresas establecidas. Compramos bienes ra\u00edces y propiedades urban\u00edsticas estrat\u00e9gicas, principalmente en [&hellip;]\" \/>\n<meta property=\"og:url\" content=\"https:\/\/www.griffincap.com\/es\/servicios\/\" \/>\n<meta property=\"og:site_name\" content=\"Griffin Capital\" \/>\n<meta property=\"article:modified_time\" content=\"2020-01-28T22:50:02+00:00\" \/>\n<meta name=\"twitter:card\" content=\"summary_large_image\" \/>\n<meta name=\"twitter:label1\" content=\"Tiempo de lectura\" \/>\n\t<meta name=\"twitter:data1\" content=\"1 minuto\" \/>\n<script type=\"application\/ld+json\" class=\"yoast-schema-graph\">{\"@context\":\"https:\/\/schema.org\",\"@graph\":[{\"@type\":\"WebPage\",\"@id\":\"https:\/\/www.griffincap.com\/es\/servicios\/\",\"url\":\"https:\/\/www.griffincap.com\/es\/servicios\/\",\"name\":\"Servicios - Griffin Capital\",\"isPartOf\":{\"@id\":\"https:\/\/www.griffincap.com\/es\/#website\"},\"datePublished\":\"2015-08-25T14:41:03+00:00\",\"dateModified\":\"2020-01-28T22:50:02+00:00\",\"breadcrumb\":{\"@id\":\"https:\/\/www.griffincap.com\/es\/servicios\/#breadcrumb\"},\"inLanguage\":\"es\",\"potentialAction\":[{\"@type\":\"ReadAction\",\"target\":[\"https:\/\/www.griffincap.com\/es\/servicios\/\"]}]},{\"@type\":\"BreadcrumbList\",\"@id\":\"https:\/\/www.griffincap.com\/es\/servicios\/#breadcrumb\",\"itemListElement\":[{\"@type\":\"ListItem\",\"position\":1,\"name\":\"Home\",\"item\":\"https:\/\/www.griffincap.com\/es\/\"},{\"@type\":\"ListItem\",\"position\":2,\"name\":\"Servicios\"}]},{\"@type\":\"WebSite\",\"@id\":\"https:\/\/www.griffincap.com\/es\/#website\",\"url\":\"https:\/\/www.griffincap.com\/es\/\",\"name\":\"Griffin Capital\",\"description\":\"Emerging Market Project Finance\",\"potentialAction\":[{\"@type\":\"SearchAction\",\"target\":{\"@type\":\"EntryPoint\",\"urlTemplate\":\"https:\/\/www.griffincap.com\/es\/?s={search_term_string}\"},\"query-input\":\"required name=search_term_string\"}],\"inLanguage\":\"es\"}]}<\/script>\n<!-- \/ Yoast SEO plugin. -->","yoast_head_json":{"title":"Servicios - Griffin Capital","robots":{"index":"index","follow":"follow","max-snippet":"max-snippet:-1","max-image-preview":"max-image-preview:large","max-video-preview":"max-video-preview:-1"},"canonical":"https:\/\/www.griffincap.com\/es\/servicios\/","og_locale":"es_ES","og_type":"article","og_title":"Servicios - Griffin Capital","og_description":"Qu\u00e9 hacemos Asistimos y asesoramos sobre finanzas -con inclusi\u00f3n de colocaci\u00f3n privada de valores y obligaciones- a inversionistas estrat\u00e9gicos e institucionales, desde las etapas iniciales hasta compa\u00f1\u00edas s\u00f3lidamente establecidas. Estructuramos y gestionamos finanzas apalancadas, arrendamientos de bienes de equipo y financiamiento de proyectos para empresas establecidas. Compramos bienes ra\u00edces y propiedades urban\u00edsticas estrat\u00e9gicas, principalmente en [&hellip;]","og_url":"https:\/\/www.griffincap.com\/es\/servicios\/","og_site_name":"Griffin Capital","article_modified_time":"2020-01-28T22:50:02+00:00","twitter_card":"summary_large_image","twitter_misc":{"Tiempo de lectura":"1 minuto"},"schema":{"@context":"https:\/\/schema.org","@graph":[{"@type":"WebPage","@id":"https:\/\/www.griffincap.com\/es\/servicios\/","url":"https:\/\/www.griffincap.com\/es\/servicios\/","name":"Servicios - Griffin Capital","isPartOf":{"@id":"https:\/\/www.griffincap.com\/es\/#website"},"datePublished":"2015-08-25T14:41:03+00:00","dateModified":"2020-01-28T22:50:02+00:00","breadcrumb":{"@id":"https:\/\/www.griffincap.com\/es\/servicios\/#breadcrumb"},"inLanguage":"es","potentialAction":[{"@type":"ReadAction","target":["https:\/\/www.griffincap.com\/es\/servicios\/"]}]},{"@type":"BreadcrumbList","@id":"https:\/\/www.griffincap.com\/es\/servicios\/#breadcrumb","itemListElement":[{"@type":"ListItem","position":1,"name":"Home","item":"https:\/\/www.griffincap.com\/es\/"},{"@type":"ListItem","position":2,"name":"Servicios"}]},{"@type":"WebSite","@id":"https:\/\/www.griffincap.com\/es\/#website","url":"https:\/\/www.griffincap.com\/es\/","name":"Griffin Capital","description":"Emerging Market Project Finance","potentialAction":[{"@type":"SearchAction","target":{"@type":"EntryPoint","urlTemplate":"https:\/\/www.griffincap.com\/es\/?s={search_term_string}"},"query-input":"required name=search_term_string"}],"inLanguage":"es"}]}},"_links":{"self":[{"href":"https:\/\/www.griffincap.com\/es\/wp-json\/wp\/v2\/pages\/97","targetHints":{"allow":["GET"]}}],"collection":[{"href":"https:\/\/www.griffincap.com\/es\/wp-json\/wp\/v2\/pages"}],"about":[{"href":"https:\/\/www.griffincap.com\/es\/wp-json\/wp\/v2\/types\/page"}],"author":[{"embeddable":true,"href":"https:\/\/www.griffincap.com\/es\/wp-json\/wp\/v2\/users\/2"}],"replies":[{"embeddable":true,"href":"https:\/\/www.griffincap.com\/es\/wp-json\/wp\/v2\/comments?post=97"}],"version-history":[{"count":1,"href":"https:\/\/www.griffincap.com\/es\/wp-json\/wp\/v2\/pages\/97\/revisions"}],"predecessor-version":[{"id":271,"href":"https:\/\/www.griffincap.com\/es\/wp-json\/wp\/v2\/pages\/97\/revisions\/271"}],"wp:attachment":[{"href":"https:\/\/www.griffincap.com\/es\/wp-json\/wp\/v2\/media?parent=97"}],"curies":[{"name":"wp","href":"https:\/\/api.w.org\/{rel}","templated":true}]}}